{"id":112,"date":"2020-11-17T16:00:09","date_gmt":"2020-11-17T19:00:09","guid":{"rendered":"http:\/\/totalitsolutions.com.br\/blog\/?page_id=112"},"modified":"2021-10-08T12:51:07","modified_gmt":"2021-10-08T15:51:07","slug":"contato","status":"publish","type":"page","link":"https:\/\/totalitsolutions.com.br\/blog\/contato\/","title":{"rendered":"Contato"},"content":{"rendered":"\t\t<div data-elementor-type=\"wp-page\" data-elementor-id=\"112\" class=\"elementor elementor-112\">\n\t\t\t\t\t\t<section class=\"elementor-section elementor-top-section elementor-element elementor-element-4017163 elementor-section-boxed elementor-section-height-default elementor-section-height-default\" data-id=\"4017163\" data-element_type=\"section\">\n\t\t\t\t\t\t<div class=\"elementor-container elementor-column-gap-default\">\n\t\t\t\t\t<div class=\"elementor-column elementor-col-100 elementor-top-column elementor-element elementor-element-685a0ff6\" data-id=\"685a0ff6\" data-element_type=\"column\">\n\t\t\t<div class=\"elementor-widget-wrap elementor-element-populated\">\n\t\t\t\t\t\t<section class=\"elementor-section elementor-inner-section elementor-element elementor-element-7882921c elementor-section-boxed elementor-section-height-default elementor-section-height-default\" data-id=\"7882921c\" data-element_type=\"section\">\n\t\t\t\t\t\t<div class=\"elementor-container elementor-column-gap-default\">\n\t\t\t\t\t<div class=\"elementor-column elementor-col-50 elementor-inner-column elementor-element elementor-element-17760a69\" data-id=\"17760a69\" data-element_type=\"column\">\n\t\t\t<div class=\"elementor-widget-wrap elementor-element-populated\">\n\t\t\t\t\t\t<div class=\"elementor-element elementor-element-6548249c elementor-widget elementor-widget-text-editor\" data-id=\"6548249c\" data-element_type=\"widget\" data-widget_type=\"text-editor.default\">\n\t\t\t\t<div class=\"elementor-widget-container\">\n\t\t\t\t\t\t\t\t\t<h2><span style=\"color: #2f4468;\">Entre em contato conosco:<\/span><\/h2><div><strong>\u00a0<\/strong><\/div><div>\u00a0<\/div><div><p><span style=\"color: #2f4468;\"><b>Telefone:<\/b><\/span> (11) 5087-8941<\/p><p><span style=\"color: #2f4468;\"><b>Endere\u00e7o:<\/b><\/span> Rua Baronesa de Bela Vista, 411 &#8211; Cj. 03T e 04T Campo Belo, S\u00e3o Paulo &#8211; SP &#8211; Brasil &#8211; CEP 04612-002<\/p><p><span style=\"color: #2f4468;\"><b>Hor\u00e1rio de atendimento:<\/b> <\/span>Segunda \u00e0 sexta das 09h as 18h<\/p><\/div>\t\t\t\t\t\t\t\t<\/div>\n\t\t\t\t<\/div>\n\t\t\t\t\t<\/div>\n\t\t<\/div>\n\t\t\t\t<div class=\"elementor-column elementor-col-50 elementor-inner-column elementor-element elementor-element-52a3bff7\" data-id=\"52a3bff7\" data-element_type=\"column\">\n\t\t\t<div class=\"elementor-widget-wrap elementor-element-populated\">\n\t\t\t\t\t\t<div class=\"elementor-element elementor-element-730b1c83 elementor-widget elementor-widget-text-editor\" data-id=\"730b1c83\" data-element_type=\"widget\" data-widget_type=\"text-editor.default\">\n\t\t\t\t<div class=\"elementor-widget-container\">\n\t\t\t\t\t\t\t\t\t<h2><span style=\"color: #2f4468;\">Se preferir, receba sua resposta por e-mail:<\/span><\/h2>\t\t\t\t\t\t\t\t<\/div>\n\t\t\t\t<\/div>\n\t\t\t\t<div class=\"elementor-element elementor-element-1d01007d elementor-widget elementor-widget-html\" data-id=\"1d01007d\" data-element_type=\"widget\" data-widget_type=\"html.default\">\n\t\t\t\t<div class=\"elementor-widget-container\">\n\t\t\t\t\t<script type=\"text\/javascript\" src=\"\/\/marketing.totalitsolutions.com.br\/form\/generate.js?id=3\"><\/script>\t\t\t\t<\/div>\n\t\t\t\t<\/div>\n\t\t\t\t\t<\/div>\n\t\t<\/div>\n\t\t\t\t\t<\/div>\n\t\t<\/section>\n\t\t\t\t\t<\/div>\n\t\t<\/div>\n\t\t\t\t\t<\/div>\n\t\t<\/section>\n\t\t\t\t<section class=\"elementor-section elementor-top-section elementor-element elementor-element-81c4a18 elementor-section-boxed elementor-section-height-default elementor-section-height-default\" data-id=\"81c4a18\" data-element_type=\"section\">\n\t\t\t\t\t\t<div class=\"elementor-container elementor-column-gap-default\">\n\t\t\t\t\t<div class=\"elementor-column elementor-col-100 elementor-top-column elementor-element elementor-element-c288d8d\" data-id=\"c288d8d\" data-element_type=\"column\">\n\t\t\t<div class=\"elementor-widget-wrap elementor-element-populated\">\n\t\t\t\t\t\t<div class=\"elementor-element elementor-element-2aa50da6 elementor-widget elementor-widget-html\" data-id=\"2aa50da6\" data-element_type=\"widget\" data-widget_type=\"html.default\">\n\t\t\t\t<div class=\"elementor-widget-container\">\n\t\t\t\t\t<iframe src=\"https:\/\/www.google.com\/maps\/embed?pb=!1m14!1m8!1m3!1d14622.701099175027!2d-46.6733447!3d-23.6159761!3m2!1i1024!2i768!4f13.1!3m3!1m2!1s0x0%3A0x1c09716840cee51c!2sTOTALIT%20Solutions!5e0!3m2!1spt-BR!2sbr!4v1605640209566!5m2!1spt-BR!2sbr\" width=\"600\" height=\"450\" frameborder=\"0\" style=\"border:0;\" allowfullscreen=\"\" aria-hidden=\"false\" tabindex=\"0\"><\/iframe>\t\t\t\t<\/div>\n\t\t\t\t<\/div>\n\t\t\t\t<div class=\"elementor-element elementor-element-442364f0 elementor-widget elementor-widget-spacer\" data-id=\"442364f0\" data-element_type=\"widget\" data-widget_type=\"spacer.default\">\n\t\t\t\t<div class=\"elementor-widget-container\">\n\t\t\t\t\t\t\t<div class=\"elementor-spacer\">\n\t\t\t<div class=\"elementor-spacer-inner\"><\/div>\n\t\t<\/div>\n\t\t\t\t\t\t<\/div>\n\t\t\t\t<\/div>\n\t\t\t\t\t<\/div>\n\t\t<\/div>\n\t\t\t\t\t<\/div>\n\t\t<\/section>\n\t\t\t\t<\/div>\n\t\t","protected":false},"excerpt":{"rendered":"<p>Entre em contato conosco: \u00a0\u00a0 Telefone: (11) 5087-8941 Endere\u00e7o: Rua Baronesa de Bela Vista, 411 &#8211; Cj. 03T e 04T &#8230; <\/p>\n<p class=\"read-more-container\"><a title=\"Contato\" class=\"read-more button\" href=\"https:\/\/totalitsolutions.com.br\/blog\/contato\/#more-112\">Leia mais<span class=\"screen-reader-text\">Contato<\/span><\/a><\/p>\n","protected":false},"author":1,"featured_media":0,"parent":0,"menu_order":0,"comment_status":"closed","ping_status":"closed","template":"","meta":{"footnotes":""},"class_list":["post-112","page","type-page","status-publish"],"yoast_head":"<!-- This site is optimized with the Yoast SEO plugin v27.2 - https:\/\/yoast.com\/product\/yoast-seo-wordpress\/ -->\n<title>Contato - Totalit Solutions<\/title>\n<meta name=\"robots\" content=\"index, follow, max-snippet:-1, max-image-preview:large, max-video-preview:-1\" \/>\n<link rel=\"canonical\" href=\"https:\/\/totalitsolutions.com.br\/blog\/contato\/\" \/>\n<meta property=\"og:locale\" content=\"pt_BR\" \/>\n<meta property=\"og:type\" content=\"article\" \/>\n<meta property=\"og:title\" content=\"Contato - Totalit Solutions\" \/>\n<meta property=\"og:description\" content=\"Entre em contato conosco: \u00a0\u00a0 Telefone: (11) 5087-8941 Endere\u00e7o: Rua Baronesa de Bela Vista, 411 &#8211; Cj. 03T e 04T ... Leia maisContato\" \/>\n<meta property=\"og:url\" content=\"https:\/\/totalitsolutions.com.br\/blog\/contato\/\" \/>\n<meta property=\"og:site_name\" content=\"Totalit Solutions\" \/>\n<meta property=\"article:modified_time\" content=\"2021-10-08T15:51:07+00:00\" \/>\n<meta name=\"twitter:card\" content=\"summary_large_image\" \/>\n<meta name=\"twitter:label1\" content=\"Est. tempo de leitura\" \/>\n\t<meta name=\"twitter:data1\" content=\"1 minuto\" \/>\n<script type=\"application\/ld+json\" class=\"yoast-schema-graph\">{\"@context\":\"https:\/\/schema.org\",\"@graph\":[{\"@type\":\"WebPage\",\"@id\":\"https:\/\/totalitsolutions.com.br\/blog\/contato\/\",\"url\":\"https:\/\/totalitsolutions.com.br\/blog\/contato\/\",\"name\":\"Contato - Totalit Solutions\",\"isPartOf\":{\"@id\":\"https:\/\/totalitsolutions.com.br\/blog\/#website\"},\"datePublished\":\"2020-11-17T19:00:09+00:00\",\"dateModified\":\"2021-10-08T15:51:07+00:00\",\"breadcrumb\":{\"@id\":\"https:\/\/totalitsolutions.com.br\/blog\/contato\/#breadcrumb\"},\"inLanguage\":\"pt-BR\",\"potentialAction\":[{\"@type\":\"ReadAction\",\"target\":[\"https:\/\/totalitsolutions.com.br\/blog\/contato\/\"]}]},{\"@type\":\"BreadcrumbList\",\"@id\":\"https:\/\/totalitsolutions.com.br\/blog\/contato\/#breadcrumb\",\"itemListElement\":[{\"@type\":\"ListItem\",\"position\":1,\"name\":\"In\u00edcio\",\"item\":\"https:\/\/totalitsolutions.com.br\/blog\/\"},{\"@type\":\"ListItem\",\"position\":2,\"name\":\"Contato\"}]},{\"@type\":\"WebSite\",\"@id\":\"https:\/\/totalitsolutions.com.br\/blog\/#website\",\"url\":\"https:\/\/totalitsolutions.com.br\/blog\/\",\"name\":\"Totalit Solutions\",\"description\":\"Atrav\u00e9s de planejamento e solu\u00e7\u00f5es integradas, entregamos resultados concretos aos nossos clientes.\",\"publisher\":{\"@id\":\"https:\/\/totalitsolutions.com.br\/blog\/#organization\"},\"potentialAction\":[{\"@type\":\"SearchAction\",\"target\":{\"@type\":\"EntryPoint\",\"urlTemplate\":\"https:\/\/totalitsolutions.com.br\/blog\/?s={search_term_string}\"},\"query-input\":{\"@type\":\"PropertyValueSpecification\",\"valueRequired\":true,\"valueName\":\"search_term_string\"}}],\"inLanguage\":\"pt-BR\"},{\"@type\":\"Organization\",\"@id\":\"https:\/\/totalitsolutions.com.br\/blog\/#organization\",\"name\":\"Totalit Solutions\",\"url\":\"https:\/\/totalitsolutions.com.br\/blog\/\",\"logo\":{\"@type\":\"ImageObject\",\"inLanguage\":\"pt-BR\",\"@id\":\"https:\/\/totalitsolutions.com.br\/blog\/#\/schema\/logo\/image\/\",\"url\":\"https:\/\/totalitsolutions.com.br\/blog\/wp-content\/uploads\/2020\/11\/logo-totalit_479x105px.png\",\"contentUrl\":\"https:\/\/totalitsolutions.com.br\/blog\/wp-content\/uploads\/2020\/11\/logo-totalit_479x105px.png\",\"width\":479,\"height\":105,\"caption\":\"Totalit Solutions\"},\"image\":{\"@id\":\"https:\/\/totalitsolutions.com.br\/blog\/#\/schema\/logo\/image\/\"}}]}<\/script>\n<!-- \/ Yoast SEO plugin. -->","yoast_head_json":{"title":"Contato - Totalit Solutions","robots":{"index":"index","follow":"follow","max-snippet":"max-snippet:-1","max-image-preview":"max-image-preview:large","max-video-preview":"max-video-preview:-1"},"canonical":"https:\/\/totalitsolutions.com.br\/blog\/contato\/","og_locale":"pt_BR","og_type":"article","og_title":"Contato - Totalit Solutions","og_description":"Entre em contato conosco: \u00a0\u00a0 Telefone: (11) 5087-8941 Endere\u00e7o: Rua Baronesa de Bela Vista, 411 &#8211; Cj. 03T e 04T ... Leia maisContato","og_url":"https:\/\/totalitsolutions.com.br\/blog\/contato\/","og_site_name":"Totalit Solutions","article_modified_time":"2021-10-08T15:51:07+00:00","twitter_card":"summary_large_image","twitter_misc":{"Est. tempo de leitura":"1 minuto"},"schema":{"@context":"https:\/\/schema.org","@graph":[{"@type":"WebPage","@id":"https:\/\/totalitsolutions.com.br\/blog\/contato\/","url":"https:\/\/totalitsolutions.com.br\/blog\/contato\/","name":"Contato - Totalit Solutions","isPartOf":{"@id":"https:\/\/totalitsolutions.com.br\/blog\/#website"},"datePublished":"2020-11-17T19:00:09+00:00","dateModified":"2021-10-08T15:51:07+00:00","breadcrumb":{"@id":"https:\/\/totalitsolutions.com.br\/blog\/contato\/#breadcrumb"},"inLanguage":"pt-BR","potentialAction":[{"@type":"ReadAction","target":["https:\/\/totalitsolutions.com.br\/blog\/contato\/"]}]},{"@type":"BreadcrumbList","@id":"https:\/\/totalitsolutions.com.br\/blog\/contato\/#breadcrumb","itemListElement":[{"@type":"ListItem","position":1,"name":"In\u00edcio","item":"https:\/\/totalitsolutions.com.br\/blog\/"},{"@type":"ListItem","position":2,"name":"Contato"}]},{"@type":"WebSite","@id":"https:\/\/totalitsolutions.com.br\/blog\/#website","url":"https:\/\/totalitsolutions.com.br\/blog\/","name":"Totalit Solutions","description":"Atrav\u00e9s de planejamento e solu\u00e7\u00f5es integradas, entregamos resultados concretos aos nossos clientes.","publisher":{"@id":"https:\/\/totalitsolutions.com.br\/blog\/#organization"},"potentialAction":[{"@type":"SearchAction","target":{"@type":"EntryPoint","urlTemplate":"https:\/\/totalitsolutions.com.br\/blog\/?s={search_term_string}"},"query-input":{"@type":"PropertyValueSpecification","valueRequired":true,"valueName":"search_term_string"}}],"inLanguage":"pt-BR"},{"@type":"Organization","@id":"https:\/\/totalitsolutions.com.br\/blog\/#organization","name":"Totalit Solutions","url":"https:\/\/totalitsolutions.com.br\/blog\/","logo":{"@type":"ImageObject","inLanguage":"pt-BR","@id":"https:\/\/totalitsolutions.com.br\/blog\/#\/schema\/logo\/image\/","url":"https:\/\/totalitsolutions.com.br\/blog\/wp-content\/uploads\/2020\/11\/logo-totalit_479x105px.png","contentUrl":"https:\/\/totalitsolutions.com.br\/blog\/wp-content\/uploads\/2020\/11\/logo-totalit_479x105px.png","width":479,"height":105,"caption":"Totalit Solutions"},"image":{"@id":"https:\/\/totalitsolutions.com.br\/blog\/#\/schema\/logo\/image\/"}}]}},"amp_validity":null,"amp_enabled":true,"_links":{"self":[{"href":"https:\/\/totalitsolutions.com.br\/blog\/wp-json\/wp\/v2\/pages\/112","targetHints":{"allow":["GET"]}}],"collection":[{"href":"https:\/\/totalitsolutions.com.br\/blog\/wp-json\/wp\/v2\/pages"}],"about":[{"href":"https:\/\/totalitsolutions.com.br\/blog\/wp-json\/wp\/v2\/types\/page"}],"author":[{"embeddable":true,"href":"https:\/\/totalitsolutions.com.br\/blog\/wp-json\/wp\/v2\/users\/1"}],"replies":[{"embeddable":true,"href":"https:\/\/totalitsolutions.com.br\/blog\/wp-json\/wp\/v2\/comments?post=112"}],"version-history":[{"count":7,"href":"https:\/\/totalitsolutions.com.br\/blog\/wp-json\/wp\/v2\/pages\/112\/revisions"}],"predecessor-version":[{"id":198,"href":"https:\/\/totalitsolutions.com.br\/blog\/wp-json\/wp\/v2\/pages\/112\/revisions\/198"}],"wp:attachment":[{"href":"https:\/\/totalitsolutions.com.br\/blog\/wp-json\/wp\/v2\/media?parent=112"}],"curies":[{"name":"wp","href":"https:\/\/api.w.org\/{rel}","templated":true}]}}